{"id":14613,"date":"2024-02-26T14:02:33","date_gmt":"2024-02-26T14:02:33","guid":{"rendered":"https:\/\/elearning.stop-racism.eu\/todos-os-cursos\/"},"modified":"2025-03-04T13:50:24","modified_gmt":"2025-03-04T13:50:24","slug":"todos-os-cursos","status":"publish","type":"page","link":"https:\/\/elearning.stop-racism.eu\/pt-pt\/todos-os-cursos\/","title":{"rendered":"Todos os cursos"},"content":{"rendered":"\t\t<div data-elementor-type=\"wp-page\" data-elementor-id=\"14613\" class=\"elementor elementor-14613 elementor-8\">\n\t\t\t\t<div class=\"elementor-element elementor-element-2cbba7c e-flex e-con-boxed e-con e-parent\" data-id=\"2cbba7c\" data-element_type=\"container\" data-settings=\"{&quot;content_width&quot;:&quot;boxed&quot;}\" data-core-v316-plus=\"true\">\n\t\t\t\t\t<div class=\"e-con-inner\">\n\t\t\t\t<div class=\"elementor-element elementor-element-e2038f4 elementor-widget elementor-widget-learnpress_list_courses\" data-id=\"e2038f4\" data-element_type=\"widget\" data-widget_type=\"learnpress_list_courses.default\">\n\t\t\t\t<div class=\"elementor-widget-container\">\n\t\t\t\t\t\t<div class=\"lp-archive-courses\">\n\t\t\t\t<ul class=\"learn-press-courses lp-list-courses-no-css\" data-layout=\"list\"\n\t\t\t\t\tdata-size=\"10\">\n\t\t\t\t\t\n<li id=\"post-14916\" class=\"lpr_course course-grid-3 post-14916 lp_course type-lp_course status-publish has-post-thumbnail hentry course\">\n\n\n\t<div class=\"course-item\">\n\n\t\t\n\t\t<div class=\"course-thumbnail\"><a class=\"thumb\" href=\"https:\/\/elearning.stop-racism.eu\/pt-pt\/courses\/modulo-1-racismo-desvendado-conceitos-chave-e-seu-impacto\/\" ><img fetchpriority=\"high\" decoding=\"async\" src=\"https:\/\/elearning.stop-racism.eu\/wp-content\/uploads\/2024\/03\/aluminium-keyboard-with-stop-word-sign-red-studio-photo-standard-keyboard-close-up-shooting-with-blurred-background-alert-scaled-400x300.jpg\" alt=\"M\u00f3dulo 1 &#8211; Racismo Desvendado: Conceitos-chave e seu impacto\" title=\"Aluminium keyboard with STOP word and sign\"  width=\"400\" height=\"300\"><\/a><a class=\"course-readmore\" href=\"https:\/\/elearning.stop-racism.eu\/pt-pt\/courses\/modulo-1-racismo-desvendado-conceitos-chave-e-seu-impacto\/\" >Read More<\/a><\/div>\n\t\t<div class=\"thim-course-content\">\n\t\t\t\n<div class=\"course-author\" itemscope itemtype=\"http:\/\/schema.org\/Person\">\n\t<a href=\"https:\/\/elearning.stop-racism.eu\/instructor\/innovationbee\/\"><img decoding=\"async\" alt=\"User Avatar\" src=\"https:\/\/secure.gravatar.com\/avatar\/6fc78bd620404bc4ae8785e63b06d0f5?s=96&d=mm&r=g\" height=\"50\" width=\"50\"><\/a>\t<div class=\"author-contain\">\n\t\t<div class=\"value\" itemprop=\"name\">\n\t\t\t<a href=\"https:\/\/elearning.stop-racism.eu\/instructor\/innovationbee\/\">innovationbee<\/a>\t\t<\/div>\n\t<\/div>\n<\/div>\n<h2 class=\"course-title\"><a href=\"https:\/\/elearning.stop-racism.eu\/pt-pt\/courses\/modulo-1-racismo-desvendado-conceitos-chave-e-seu-impacto\/\" rel=\"bookmark\">M\u00f3dulo 1 &#8211; Racismo Desvendado: Conceitos-chave e seu impacto<\/a><\/h2><div class=\"course-description\"><p><\/p><\/div><div class=\"course-meta\">\n<div class=\"course-author\" itemscope itemtype=\"http:\/\/schema.org\/Person\">\n\t<a href=\"https:\/\/elearning.stop-racism.eu\/instructor\/innovationbee\/\"><img decoding=\"async\" alt=\"User Avatar\" src=\"https:\/\/secure.gravatar.com\/avatar\/6fc78bd620404bc4ae8785e63b06d0f5?s=96&d=mm&r=g\" height=\"50\" width=\"50\"><\/a>\t<div class=\"author-contain\">\n\t\t<div class=\"value\" itemprop=\"name\">\n\t\t\t<a href=\"https:\/\/elearning.stop-racism.eu\/instructor\/innovationbee\/\">innovationbee<\/a>\t\t<\/div>\n\t<\/div>\n<\/div>\n<div class=\"course-lesson\"><div class=\"value\"><i aria-hidden=\"true\" class=\"tk tk-file-invoice\"><\/i>0<\/div><\/div>\n<div class=\"course-students\">\n    <label>Students<\/label>\n    <div class=\"value\"><i class=\"tk tk-students-friend\"><\/i>\n\t\t1    <\/div>\n    <span>student<\/span>\n<\/div>\n\n<div class=\"course-price\" itemprop=\"offers\" itemscope=\"\" itemtype=\"http:\/\/schema.org\/Offer\">\n\t        <div class=\"value  free-course\" itemprop=\"price\">\n\t\t\t\t\t\tGratuito        <\/div>\n        <meta itemprop=\"priceCurrency\" content=\"USD\"\/>\n\t<\/div>\n<\/div>\t\t<\/div>\n\n\t\t\n\t<\/div>\n\n\t\n<\/li>\n\n<li id=\"post-14918\" class=\"lpr_course course-grid-3 post-14918 lp_course type-lp_course status-publish has-post-thumbnail hentry course\">\n\n\n\t<div class=\"course-item\">\n\n\t\t\n\t\t<div class=\"course-thumbnail\"><a class=\"thumb\" href=\"https:\/\/elearning.stop-racism.eu\/pt-pt\/courses\/modulo-2-racismo-estrutural-e-interseccionalidade\/\" ><img decoding=\"async\" src=\"https:\/\/elearning.stop-racism.eu\/wp-content\/uploads\/2024\/03\/flat-lay-stop-racism-card-multicolored-paper-with-copy-space-scaled-400x300.jpg\" alt=\"M\u00f3dulo 2 &#8211; Racismo estrutural e interseccionalidade\" title=\"flat-lay-stop-racism-card-multicolored-paper-with-copy-space\"  width=\"400\" height=\"300\"><\/a><a class=\"course-readmore\" href=\"https:\/\/elearning.stop-racism.eu\/pt-pt\/courses\/modulo-2-racismo-estrutural-e-interseccionalidade\/\" >Read More<\/a><\/div>\n\t\t<div class=\"thim-course-content\">\n\t\t\t\n<div class=\"course-author\" itemscope itemtype=\"http:\/\/schema.org\/Person\">\n\t<a href=\"https:\/\/elearning.stop-racism.eu\/instructor\/innovationbee\/\"><img decoding=\"async\" alt=\"User Avatar\" src=\"https:\/\/secure.gravatar.com\/avatar\/6fc78bd620404bc4ae8785e63b06d0f5?s=96&d=mm&r=g\" height=\"50\" width=\"50\"><\/a>\t<div class=\"author-contain\">\n\t\t<div class=\"value\" itemprop=\"name\">\n\t\t\t<a href=\"https:\/\/elearning.stop-racism.eu\/instructor\/innovationbee\/\">innovationbee<\/a>\t\t<\/div>\n\t<\/div>\n<\/div>\n<h2 class=\"course-title\"><a href=\"https:\/\/elearning.stop-racism.eu\/pt-pt\/courses\/modulo-2-racismo-estrutural-e-interseccionalidade\/\" rel=\"bookmark\">M\u00f3dulo 2 &#8211; Racismo estrutural e interseccionalidade<\/a><\/h2><div class=\"course-description\"><p><\/p><\/div><div class=\"course-meta\">\n<div class=\"course-author\" itemscope itemtype=\"http:\/\/schema.org\/Person\">\n\t<a href=\"https:\/\/elearning.stop-racism.eu\/instructor\/innovationbee\/\"><img decoding=\"async\" alt=\"User Avatar\" src=\"https:\/\/secure.gravatar.com\/avatar\/6fc78bd620404bc4ae8785e63b06d0f5?s=96&d=mm&r=g\" height=\"50\" width=\"50\"><\/a>\t<div class=\"author-contain\">\n\t\t<div class=\"value\" itemprop=\"name\">\n\t\t\t<a href=\"https:\/\/elearning.stop-racism.eu\/instructor\/innovationbee\/\">innovationbee<\/a>\t\t<\/div>\n\t<\/div>\n<\/div>\n<div class=\"course-lesson\"><div class=\"value\"><i aria-hidden=\"true\" class=\"tk tk-file-invoice\"><\/i>0<\/div><\/div>\n<div class=\"course-students\">\n    <label>Students<\/label>\n    <div class=\"value\"><i class=\"tk tk-students-friend\"><\/i>\n\t\t1    <\/div>\n    <span>student<\/span>\n<\/div>\n\n<div class=\"course-price\" itemprop=\"offers\" itemscope=\"\" itemtype=\"http:\/\/schema.org\/Offer\">\n\t        <div class=\"value  free-course\" itemprop=\"price\">\n\t\t\t\t\t\tGratuito        <\/div>\n        <meta itemprop=\"priceCurrency\" content=\"USD\"\/>\n\t<\/div>\n<\/div>\t\t<\/div>\n\n\t\t\n\t<\/div>\n\n\t\n<\/li>\n\n<li id=\"post-14920\" class=\"lpr_course course-grid-3 post-14920 lp_course type-lp_course status-publish has-post-thumbnail hentry course\">\n\n\n\t<div class=\"course-item\">\n\n\t\t\n\t\t<div class=\"course-thumbnail\"><a class=\"thumb\" href=\"https:\/\/elearning.stop-racism.eu\/pt-pt\/courses\/modulo-3-discriminacao-nao-intencional\/\" ><img loading=\"lazy\" decoding=\"async\" src=\"https:\/\/elearning.stop-racism.eu\/wp-content\/uploads\/2024\/11\/people-protesting-scaled-400x300.jpg\" alt=\"M\u00f3dulo 3 &#8211; Discrimina\u00e7\u00e3o n\u00e3o intencional\" title=\"people-protesting\"  width=\"400\" height=\"300\"><\/a><a class=\"course-readmore\" href=\"https:\/\/elearning.stop-racism.eu\/pt-pt\/courses\/modulo-3-discriminacao-nao-intencional\/\" >Read More<\/a><\/div>\n\t\t<div class=\"thim-course-content\">\n\t\t\t\n<div class=\"course-author\" itemscope itemtype=\"http:\/\/schema.org\/Person\">\n\t<a href=\"https:\/\/elearning.stop-racism.eu\/instructor\/innovationbee\/\"><img decoding=\"async\" alt=\"User Avatar\" src=\"https:\/\/secure.gravatar.com\/avatar\/6fc78bd620404bc4ae8785e63b06d0f5?s=96&d=mm&r=g\" height=\"50\" width=\"50\"><\/a>\t<div class=\"author-contain\">\n\t\t<div class=\"value\" itemprop=\"name\">\n\t\t\t<a href=\"https:\/\/elearning.stop-racism.eu\/instructor\/innovationbee\/\">innovationbee<\/a>\t\t<\/div>\n\t<\/div>\n<\/div>\n<h2 class=\"course-title\"><a href=\"https:\/\/elearning.stop-racism.eu\/pt-pt\/courses\/modulo-3-discriminacao-nao-intencional\/\" rel=\"bookmark\">M\u00f3dulo 3 &#8211; Discrimina\u00e7\u00e3o n\u00e3o intencional<\/a><\/h2><div class=\"course-description\"><p><\/p><\/div><div class=\"course-meta\">\n<div class=\"course-author\" itemscope itemtype=\"http:\/\/schema.org\/Person\">\n\t<a href=\"https:\/\/elearning.stop-racism.eu\/instructor\/innovationbee\/\"><img decoding=\"async\" alt=\"User Avatar\" src=\"https:\/\/secure.gravatar.com\/avatar\/6fc78bd620404bc4ae8785e63b06d0f5?s=96&d=mm&r=g\" height=\"50\" width=\"50\"><\/a>\t<div class=\"author-contain\">\n\t\t<div class=\"value\" itemprop=\"name\">\n\t\t\t<a href=\"https:\/\/elearning.stop-racism.eu\/instructor\/innovationbee\/\">innovationbee<\/a>\t\t<\/div>\n\t<\/div>\n<\/div>\n<div class=\"course-lesson\"><div class=\"value\"><i aria-hidden=\"true\" class=\"tk tk-file-invoice\"><\/i>0<\/div><\/div>\n<div class=\"course-students\">\n    <label>Students<\/label>\n    <div class=\"value\"><i class=\"tk tk-students-friend\"><\/i>\n\t\t1    <\/div>\n    <span>student<\/span>\n<\/div>\n\n<div class=\"course-price\" itemprop=\"offers\" itemscope=\"\" itemtype=\"http:\/\/schema.org\/Offer\">\n\t        <div class=\"value  free-course\" itemprop=\"price\">\n\t\t\t\t\t\tGratuito        <\/div>\n        <meta itemprop=\"priceCurrency\" content=\"USD\"\/>\n\t<\/div>\n<\/div>\t\t<\/div>\n\n\t\t\n\t<\/div>\n\n\t\n<\/li>\n\n<li id=\"post-14922\" class=\"lpr_course course-grid-3 post-14922 lp_course type-lp_course status-publish has-post-thumbnail hentry course\">\n\n\n\t<div class=\"course-item\">\n\n\t\t\n\t\t<div class=\"course-thumbnail\"><a class=\"thumb\" href=\"https:\/\/elearning.stop-racism.eu\/pt-pt\/courses\/modulo-4-os-perigos-do-racismo-e-do-preconceito\/\" ><img loading=\"lazy\" decoding=\"async\" src=\"https:\/\/elearning.stop-racism.eu\/wp-content\/uploads\/2024\/11\/4111796-400x300.jpg\" alt=\"M\u00f3dulo 4 &#8211; Os perigos do racismo e do preconceito\" title=\"4111796\"  width=\"400\" height=\"300\"><\/a><a class=\"course-readmore\" href=\"https:\/\/elearning.stop-racism.eu\/pt-pt\/courses\/modulo-4-os-perigos-do-racismo-e-do-preconceito\/\" >Read More<\/a><\/div>\n\t\t<div class=\"thim-course-content\">\n\t\t\t\n<div class=\"course-author\" itemscope itemtype=\"http:\/\/schema.org\/Person\">\n\t<a href=\"https:\/\/elearning.stop-racism.eu\/instructor\/innovationbee\/\"><img decoding=\"async\" alt=\"User Avatar\" src=\"https:\/\/secure.gravatar.com\/avatar\/6fc78bd620404bc4ae8785e63b06d0f5?s=96&d=mm&r=g\" height=\"50\" width=\"50\"><\/a>\t<div class=\"author-contain\">\n\t\t<div class=\"value\" itemprop=\"name\">\n\t\t\t<a href=\"https:\/\/elearning.stop-racism.eu\/instructor\/innovationbee\/\">innovationbee<\/a>\t\t<\/div>\n\t<\/div>\n<\/div>\n<h2 class=\"course-title\"><a href=\"https:\/\/elearning.stop-racism.eu\/pt-pt\/courses\/modulo-4-os-perigos-do-racismo-e-do-preconceito\/\" rel=\"bookmark\">M\u00f3dulo 4 &#8211; Os perigos do racismo e do preconceito<\/a><\/h2><div class=\"course-description\"><p><\/p><\/div><div class=\"course-meta\">\n<div class=\"course-author\" itemscope itemtype=\"http:\/\/schema.org\/Person\">\n\t<a href=\"https:\/\/elearning.stop-racism.eu\/instructor\/innovationbee\/\"><img decoding=\"async\" alt=\"User Avatar\" src=\"https:\/\/secure.gravatar.com\/avatar\/6fc78bd620404bc4ae8785e63b06d0f5?s=96&d=mm&r=g\" height=\"50\" width=\"50\"><\/a>\t<div class=\"author-contain\">\n\t\t<div class=\"value\" itemprop=\"name\">\n\t\t\t<a href=\"https:\/\/elearning.stop-racism.eu\/instructor\/innovationbee\/\">innovationbee<\/a>\t\t<\/div>\n\t<\/div>\n<\/div>\n<div class=\"course-lesson\"><div class=\"value\"><i aria-hidden=\"true\" class=\"tk tk-file-invoice\"><\/i>0<\/div><\/div>\n<div class=\"course-students\">\n    <label>Students<\/label>\n    <div class=\"value\"><i class=\"tk tk-students-friend\"><\/i>\n\t\t1    <\/div>\n    <span>student<\/span>\n<\/div>\n\n<div class=\"course-price\" itemprop=\"offers\" itemscope=\"\" itemtype=\"http:\/\/schema.org\/Offer\">\n\t        <div class=\"value  free-course\" itemprop=\"price\">\n\t\t\t\t\t\tGratuito        <\/div>\n        <meta itemprop=\"priceCurrency\" content=\"USD\"\/>\n\t<\/div>\n<\/div>\t\t<\/div>\n\n\t\t\n\t<\/div>\n\n\t\n<\/li>\n\n<li id=\"post-14924\" class=\"lpr_course course-grid-3 post-14924 lp_course type-lp_course status-publish has-post-thumbnail hentry course\">\n\n\n\t<div class=\"course-item\">\n\n\t\t\n\t\t<div class=\"course-thumbnail\"><a class=\"thumb\" href=\"https:\/\/elearning.stop-racism.eu\/pt-pt\/courses\/modulo-5-apoio-as-vitimas-de-racismo\/\" ><img loading=\"lazy\" decoding=\"async\" src=\"https:\/\/elearning.stop-racism.eu\/wp-content\/uploads\/2024\/11\/close-up-people-getting-stronger-together-scaled-400x300.jpg\" alt=\"M\u00f3dulo 5 &#8211; Apoio \u00e0s v\u00edtimas de racismo\" title=\"close-up-people-getting-stronger-together\"  width=\"400\" height=\"300\"><\/a><a class=\"course-readmore\" href=\"https:\/\/elearning.stop-racism.eu\/pt-pt\/courses\/modulo-5-apoio-as-vitimas-de-racismo\/\" >Read More<\/a><\/div>\n\t\t<div class=\"thim-course-content\">\n\t\t\t\n<div class=\"course-author\" itemscope itemtype=\"http:\/\/schema.org\/Person\">\n\t<a href=\"https:\/\/elearning.stop-racism.eu\/instructor\/innovationbee\/\"><img decoding=\"async\" alt=\"User Avatar\" src=\"https:\/\/secure.gravatar.com\/avatar\/6fc78bd620404bc4ae8785e63b06d0f5?s=96&d=mm&r=g\" height=\"50\" width=\"50\"><\/a>\t<div class=\"author-contain\">\n\t\t<div class=\"value\" itemprop=\"name\">\n\t\t\t<a href=\"https:\/\/elearning.stop-racism.eu\/instructor\/innovationbee\/\">innovationbee<\/a>\t\t<\/div>\n\t<\/div>\n<\/div>\n<h2 class=\"course-title\"><a href=\"https:\/\/elearning.stop-racism.eu\/pt-pt\/courses\/modulo-5-apoio-as-vitimas-de-racismo\/\" rel=\"bookmark\">M\u00f3dulo 5 &#8211; Apoio \u00e0s v\u00edtimas de racismo<\/a><\/h2><div class=\"course-description\"><p><\/p><\/div><div class=\"course-meta\">\n<div class=\"course-author\" itemscope itemtype=\"http:\/\/schema.org\/Person\">\n\t<a href=\"https:\/\/elearning.stop-racism.eu\/instructor\/innovationbee\/\"><img decoding=\"async\" alt=\"User Avatar\" src=\"https:\/\/secure.gravatar.com\/avatar\/6fc78bd620404bc4ae8785e63b06d0f5?s=96&d=mm&r=g\" height=\"50\" width=\"50\"><\/a>\t<div class=\"author-contain\">\n\t\t<div class=\"value\" itemprop=\"name\">\n\t\t\t<a href=\"https:\/\/elearning.stop-racism.eu\/instructor\/innovationbee\/\">innovationbee<\/a>\t\t<\/div>\n\t<\/div>\n<\/div>\n<div class=\"course-lesson\"><div class=\"value\"><i aria-hidden=\"true\" class=\"tk tk-file-invoice\"><\/i>0<\/div><\/div>\n<div class=\"course-students\">\n    <label>Students<\/label>\n    <div class=\"value\"><i class=\"tk tk-students-friend\"><\/i>\n\t\t1    <\/div>\n    <span>student<\/span>\n<\/div>\n\n<div class=\"course-price\" itemprop=\"offers\" itemscope=\"\" itemtype=\"http:\/\/schema.org\/Offer\">\n\t        <div class=\"value  free-course\" itemprop=\"price\">\n\t\t\t\t\t\tGratuito        <\/div>\n        <meta itemprop=\"priceCurrency\" content=\"USD\"\/>\n\t<\/div>\n<\/div>\t\t<\/div>\n\n\t\t\n\t<\/div>\n\n\t\n<\/li>\n\n<li id=\"post-14926\" class=\"lpr_course course-grid-3 post-14926 lp_course type-lp_course status-publish has-post-thumbnail hentry course\">\n\n\n\t<div class=\"course-item\">\n\n\t\t\n\t\t<div class=\"course-thumbnail\"><a class=\"thumb\" href=\"https:\/\/elearning.stop-racism.eu\/pt-pt\/courses\/modulo-6-literacia-e-quantificacao-de-dados\/\" ><img loading=\"lazy\" decoding=\"async\" src=\"https:\/\/elearning.stop-racism.eu\/wp-content\/uploads\/2024\/03\/4017599-400x300.jpg\" alt=\"M\u00f3dulo 6 &#8211; Literacia e quantifica\u00e7\u00e3o de dados\" title=\"4017599\"  width=\"400\" height=\"300\"><\/a><a class=\"course-readmore\" href=\"https:\/\/elearning.stop-racism.eu\/pt-pt\/courses\/modulo-6-literacia-e-quantificacao-de-dados\/\" >Read More<\/a><\/div>\n\t\t<div class=\"thim-course-content\">\n\t\t\t\n<div class=\"course-author\" itemscope itemtype=\"http:\/\/schema.org\/Person\">\n\t<a href=\"https:\/\/elearning.stop-racism.eu\/instructor\/innovationbee\/\"><img decoding=\"async\" alt=\"User Avatar\" src=\"https:\/\/secure.gravatar.com\/avatar\/6fc78bd620404bc4ae8785e63b06d0f5?s=96&d=mm&r=g\" height=\"50\" width=\"50\"><\/a>\t<div class=\"author-contain\">\n\t\t<div class=\"value\" itemprop=\"name\">\n\t\t\t<a href=\"https:\/\/elearning.stop-racism.eu\/instructor\/innovationbee\/\">innovationbee<\/a>\t\t<\/div>\n\t<\/div>\n<\/div>\n<h2 class=\"course-title\"><a href=\"https:\/\/elearning.stop-racism.eu\/pt-pt\/courses\/modulo-6-literacia-e-quantificacao-de-dados\/\" rel=\"bookmark\">M\u00f3dulo 6 &#8211; Literacia e quantifica\u00e7\u00e3o de dados<\/a><\/h2><div class=\"course-description\"><p><\/p><\/div><div class=\"course-meta\">\n<div class=\"course-author\" itemscope itemtype=\"http:\/\/schema.org\/Person\">\n\t<a href=\"https:\/\/elearning.stop-racism.eu\/instructor\/innovationbee\/\"><img decoding=\"async\" alt=\"User Avatar\" src=\"https:\/\/secure.gravatar.com\/avatar\/6fc78bd620404bc4ae8785e63b06d0f5?s=96&d=mm&r=g\" height=\"50\" width=\"50\"><\/a>\t<div class=\"author-contain\">\n\t\t<div class=\"value\" itemprop=\"name\">\n\t\t\t<a href=\"https:\/\/elearning.stop-racism.eu\/instructor\/innovationbee\/\">innovationbee<\/a>\t\t<\/div>\n\t<\/div>\n<\/div>\n<div class=\"course-lesson\"><div class=\"value\"><i aria-hidden=\"true\" class=\"tk tk-file-invoice\"><\/i>0<\/div><\/div>\n<div class=\"course-students\">\n    <label>Students<\/label>\n    <div class=\"value\"><i class=\"tk tk-students-friend\"><\/i>\n\t\t1    <\/div>\n    <span>student<\/span>\n<\/div>\n\n<div class=\"course-price\" itemprop=\"offers\" itemscope=\"\" itemtype=\"http:\/\/schema.org\/Offer\">\n\t        <div class=\"value  free-course\" itemprop=\"price\">\n\t\t\t\t\t\tGratuito        <\/div>\n        <meta itemprop=\"priceCurrency\" content=\"USD\"\/>\n\t<\/div>\n<\/div>\t\t<\/div>\n\n\t\t\n\t<\/div>\n\n\t\n<\/li>\n\t\t\t\t<\/ul>\n\t\t\t<\/div>\n\t\t\t\t\t<\/div>\n\t\t\t\t<\/div>\n\t\t\t\t\t<\/div>\n\t\t\t\t<\/div>\n\t\t\t\t<\/div>\n\t\t","protected":false},"excerpt":{"rendered":"<p>Read More innovationbee M\u00f3dulo 1 &#8211; Racismo Desvendado: Conceitos-chave e seu impacto innovationbee 0 Students 0 student Free Read More innovationbee M\u00f3dulo 2 &#8211; Racismo estrutural e interseccionalidade innovationbee 0 Students 0 student Free Read More innovationbee M\u00f3dulo 3 &#8211; &hellip; <\/p>\n","protected":false},"author":1,"featured_media":0,"parent":0,"menu_order":0,"comment_status":"closed","ping_status":"closed","template":"","meta":{"footnotes":""},"_links":{"self":[{"href":"https:\/\/elearning.stop-racism.eu\/pt-pt\/wp-json\/wp\/v2\/pages\/14613"}],"collection":[{"href":"https:\/\/elearning.stop-racism.eu\/pt-pt\/wp-json\/wp\/v2\/pages"}],"about":[{"href":"https:\/\/elearning.stop-racism.eu\/pt-pt\/wp-json\/wp\/v2\/types\/page"}],"author":[{"embeddable":true,"href":"https:\/\/elearning.stop-racism.eu\/pt-pt\/wp-json\/wp\/v2\/users\/1"}],"replies":[{"embeddable":true,"href":"https:\/\/elearning.stop-racism.eu\/pt-pt\/wp-json\/wp\/v2\/comments?post=14613"}],"version-history":[{"count":7,"href":"https:\/\/elearning.stop-racism.eu\/pt-pt\/wp-json\/wp\/v2\/pages\/14613\/revisions"}],"predecessor-version":[{"id":15021,"href":"https:\/\/elearning.stop-racism.eu\/pt-pt\/wp-json\/wp\/v2\/pages\/14613\/revisions\/15021"}],"wp:attachment":[{"href":"https:\/\/elearning.stop-racism.eu\/pt-pt\/wp-json\/wp\/v2\/media?parent=14613"}],"curies":[{"name":"wp","href":"https:\/\/api.w.org\/{rel}","templated":true}]}}